{"id":1455,"date":"2024-03-14T16:56:36","date_gmt":"2024-03-14T16:56:36","guid":{"rendered":"https:\/\/labregayfuerza.org\/about\/"},"modified":"2024-05-16T14:27:21","modified_gmt":"2024-05-16T14:27:21","slug":"sobre","status":"publish","type":"page","link":"https:\/\/labregayfuerza.org\/es\/sobre\/","title":{"rendered":"Sobre"},"content":{"rendered":"\n<div class=\"wp-block-group alignfull has-sky-blue-background-color has-background\"><div class=\"wp-block-group__inner-container is-layout-constrained wp-block-group-is-layout-constrained\">\n<div class=\"wp-block-media-text alignwide has-media-on-the-right is-stacked-on-mobile is-image-fill\"><div class=\"wp-block-media-text__content\">\n<p>A lo largo de la \u00faltima d\u00e9cada, Puerto Rico ha enfrentado una embestida de desastres propiciados por el ser humano tanto clim\u00e1ticos como financieros, desde el hurac\u00e1n Maria hasta la pandemia del COVID-19, que han acelerado un patr\u00f3n de disminuci\u00f3n de la poblaci\u00f3n. <strong>Las islas han perdido sobre medio mill\u00f3n de habitantes entre el 2010 al 2020, y m\u00e1s puertorrique\u00f1os viven fuera de Puerto Rico que dentro.<\/strong><\/p>\n<\/div><figure class=\"wp-block-media-text__media\" style=\"background-image:url(https:\/\/labregayfuerza.org\/wp-content\/uploads\/2024\/04\/about_img-1024x729.jpg);background-position:50% 50%\"><img loading=\"lazy\" decoding=\"async\" width=\"1024\" height=\"729\" src=\"https:\/\/labregayfuerza.org\/wp-content\/uploads\/2024\/04\/about_img-1024x729.jpg\" alt=\"Ciudadanas de puerto rico ondeando banderas\" class=\"wp-image-1363 size-full\" srcset=\"https:\/\/labregayfuerza.org\/wp-content\/uploads\/2024\/04\/about_img-300x214.jpg 300w, https:\/\/labregayfuerza.org\/wp-content\/uploads\/2024\/04\/about_img-600x427.jpg 600w, https:\/\/labregayfuerza.org\/wp-content\/uploads\/2024\/04\/about_img-768x547.jpg 768w, https:\/\/labregayfuerza.org\/wp-content\/uploads\/2024\/04\/about_img-1024x729.jpg 1024w, https:\/\/labregayfuerza.org\/wp-content\/uploads\/2024\/04\/about_img.jpg 1210w\" sizes=\"auto, (max-width: 1024px) 100vw, 1024px\" \/><\/figure><\/div>\n<\/div><\/div>\n\n\n\n<p>Las consecuencias de estos cambios en la demograf\u00eda y en la participaci\u00f3n c\u00edvica se ven en las personas desplazadas a trav\u00e9s de los Estados Unidos que reconocen a Puerto Rico como su hogar pero no pueden regresar por problemas econ\u00f3micos y preocupaciones ambientales. La Brega y Fuerza cree que estas personas y familias son la clave para lograr la justicia econ\u00f3mica y social en Puerto Rico. Dado las crecientes poblaciones de puertorrique\u00f1os en todo Estados Unidos, queremos fomentar mayor conciencia sobre los asuntos de mayor importancia para estas poblaciones en la di\u00e1spora. Nuestro objetivo final es crear un canal s\u00f3lido de activistas que participen en temas de importancia para Puerto Rico, apuntando a los estados que tienen una gran poblaci\u00f3n de di\u00e1spora y devolvi\u00e9ndole ese poder a las islas. El enfoque fundamental es conectar a estas comunidades con las islas de donde provienen.<\/p>\n\n\n\n<figure class=\"wp-block-image alignwide size-large\"><img loading=\"lazy\" decoding=\"async\" width=\"1024\" height=\"360\" src=\"https:\/\/labregayfuerza.org\/wp-content\/uploads\/2024\/03\/Stringout.03_40_12_20-1-1024x360.png\" alt=\"Puerto Rico march\" class=\"wp-image-1337\" srcset=\"https:\/\/labregayfuerza.org\/wp-content\/uploads\/2024\/03\/Stringout.03_40_12_20-1-300x105.png 300w, https:\/\/labregayfuerza.org\/wp-content\/uploads\/2024\/03\/Stringout.03_40_12_20-1-600x211.png 600w, https:\/\/labregayfuerza.org\/wp-content\/uploads\/2024\/03\/Stringout.03_40_12_20-1-768x270.png 768w, https:\/\/labregayfuerza.org\/wp-content\/uploads\/2024\/03\/Stringout.03_40_12_20-1-1024x360.png 1024w, https:\/\/labregayfuerza.org\/wp-content\/uploads\/2024\/03\/Stringout.03_40_12_20-1-1536x540.png 1536w, https:\/\/labregayfuerza.org\/wp-content\/uploads\/2024\/03\/Stringout.03_40_12_20-1-2048x720.png 2048w\" sizes=\"auto, (max-width: 1024px) 100vw, 1024px\" \/><\/figure>\n","protected":false},"excerpt":{"rendered":"<p>A lo largo de la \u00faltima d\u00e9cada, Puerto Rico ha enfrentado una embestida de desastres propiciados por el ser humano tanto clim\u00e1ticos como financieros, desde el hurac\u00e1n Maria hasta la pandemia del COVID-19, que han acelerado&nbsp;&hellip;<\/p>\n","protected":false},"author":1,"featured_media":0,"parent":0,"menu_order":0,"comment_status":"closed","ping_status":"closed","template":"","meta":{"_acf_changed":false,"footnotes":""},"class_list":["post-1455","page","type-page","status-publish","hentry"],"acf":[],"yoast_head":"<!-- This site is optimized with the Yoast SEO plugin v27.4 - https:\/\/yoast.com\/product\/yoast-seo-wordpress\/ -->\n<title>Sobre | La Brega y Fuerza<\/title>\n<meta name=\"robots\" content=\"index, follow, max-snippet:-1, max-image-preview:large, max-video-preview:-1\" \/>\n<link rel=\"canonical\" href=\"https:\/\/labregayfuerza.org\/es\/sobre\/\" \/>\n<meta property=\"og:locale\" content=\"es_ES\" \/>\n<meta property=\"og:type\" content=\"article\" \/>\n<meta property=\"og:title\" content=\"Sobre | La Brega y Fuerza\" \/>\n<meta property=\"og:description\" content=\"A lo largo de la \u00faltima d\u00e9cada, Puerto Rico ha enfrentado una embestida de desastres propiciados por el ser humano tanto clim\u00e1ticos como financieros, desde el hurac\u00e1n Maria hasta la pandemia del COVID-19, que han acelerado&nbsp;&hellip;\" \/>\n<meta property=\"og:url\" content=\"https:\/\/labregayfuerza.org\/es\/sobre\/\" \/>\n<meta property=\"og:site_name\" content=\"La Brega y Fuerza\" \/>\n<meta property=\"article:modified_time\" content=\"2024-05-16T14:27:21+00:00\" \/>\n<meta property=\"og:image\" content=\"https:\/\/labregayfuerza.org\/wp-content\/uploads\/2024\/04\/about_img-1024x729.jpg\" \/>\n<meta name=\"twitter:card\" content=\"summary_large_image\" \/>\n<script type=\"application\/ld+json\" class=\"yoast-schema-graph\">{\"@context\":\"https:\\\/\\\/schema.org\",\"@graph\":[{\"@type\":\"WebPage\",\"@id\":\"https:\\\/\\\/labregayfuerza.org\\\/es\\\/sobre\\\/\",\"url\":\"https:\\\/\\\/labregayfuerza.org\\\/es\\\/sobre\\\/\",\"name\":\"Sobre | La Brega y Fuerza\",\"isPartOf\":{\"@id\":\"https:\\\/\\\/labregayfuerza.org\\\/es\\\/#website\"},\"primaryImageOfPage\":{\"@id\":\"https:\\\/\\\/labregayfuerza.org\\\/es\\\/sobre\\\/#primaryimage\"},\"image\":{\"@id\":\"https:\\\/\\\/labregayfuerza.org\\\/es\\\/sobre\\\/#primaryimage\"},\"thumbnailUrl\":\"https:\\\/\\\/labregayfuerza.org\\\/wp-content\\\/uploads\\\/2024\\\/04\\\/about_img-1024x729.jpg\",\"datePublished\":\"2024-03-14T16:56:36+00:00\",\"dateModified\":\"2024-05-16T14:27:21+00:00\",\"breadcrumb\":{\"@id\":\"https:\\\/\\\/labregayfuerza.org\\\/es\\\/sobre\\\/#breadcrumb\"},\"inLanguage\":\"es-ES\",\"potentialAction\":[{\"@type\":\"ReadAction\",\"target\":[\"https:\\\/\\\/labregayfuerza.org\\\/es\\\/sobre\\\/\"]}]},{\"@type\":\"ImageObject\",\"inLanguage\":\"es-ES\",\"@id\":\"https:\\\/\\\/labregayfuerza.org\\\/es\\\/sobre\\\/#primaryimage\",\"url\":\"https:\\\/\\\/labregayfuerza.org\\\/wp-content\\\/uploads\\\/2024\\\/04\\\/about_img-1024x729.jpg\",\"contentUrl\":\"https:\\\/\\\/labregayfuerza.org\\\/wp-content\\\/uploads\\\/2024\\\/04\\\/about_img-1024x729.jpg\"},{\"@type\":\"BreadcrumbList\",\"@id\":\"https:\\\/\\\/labregayfuerza.org\\\/es\\\/sobre\\\/#breadcrumb\",\"itemListElement\":[{\"@type\":\"ListItem\",\"position\":1,\"name\":\"Home\",\"item\":\"https:\\\/\\\/labregayfuerza.org\\\/es\\\/\"},{\"@type\":\"ListItem\",\"position\":2,\"name\":\"Sobre\"}]},{\"@type\":\"WebSite\",\"@id\":\"https:\\\/\\\/labregayfuerza.org\\\/es\\\/#website\",\"url\":\"https:\\\/\\\/labregayfuerza.org\\\/es\\\/\",\"name\":\"La Brega y Fuerza\",\"description\":\"Reclamando poder dentro y fuera de Puerto Rico\",\"potentialAction\":[{\"@type\":\"SearchAction\",\"target\":{\"@type\":\"EntryPoint\",\"urlTemplate\":\"https:\\\/\\\/labregayfuerza.org\\\/es\\\/?s={search_term_string}\"},\"query-input\":{\"@type\":\"PropertyValueSpecification\",\"valueRequired\":true,\"valueName\":\"search_term_string\"}}],\"inLanguage\":\"es-ES\"}]}<\/script>\n<!-- \/ Yoast SEO plugin. -->","yoast_head_json":{"title":"Sobre | La Brega y Fuerza","robots":{"index":"index","follow":"follow","max-snippet":"max-snippet:-1","max-image-preview":"max-image-preview:large","max-video-preview":"max-video-preview:-1"},"canonical":"https:\/\/labregayfuerza.org\/es\/sobre\/","og_locale":"es_ES","og_type":"article","og_title":"Sobre | La Brega y Fuerza","og_description":"A lo largo de la \u00faltima d\u00e9cada, Puerto Rico ha enfrentado una embestida de desastres propiciados por el ser humano tanto clim\u00e1ticos como financieros, desde el hurac\u00e1n Maria hasta la pandemia del COVID-19, que han acelerado&nbsp;&hellip;","og_url":"https:\/\/labregayfuerza.org\/es\/sobre\/","og_site_name":"La Brega y Fuerza","article_modified_time":"2024-05-16T14:27:21+00:00","og_image":[{"url":"https:\/\/labregayfuerza.org\/wp-content\/uploads\/2024\/04\/about_img-1024x729.jpg","type":"","width":"","height":""}],"twitter_card":"summary_large_image","schema":{"@context":"https:\/\/schema.org","@graph":[{"@type":"WebPage","@id":"https:\/\/labregayfuerza.org\/es\/sobre\/","url":"https:\/\/labregayfuerza.org\/es\/sobre\/","name":"Sobre | La Brega y Fuerza","isPartOf":{"@id":"https:\/\/labregayfuerza.org\/es\/#website"},"primaryImageOfPage":{"@id":"https:\/\/labregayfuerza.org\/es\/sobre\/#primaryimage"},"image":{"@id":"https:\/\/labregayfuerza.org\/es\/sobre\/#primaryimage"},"thumbnailUrl":"https:\/\/labregayfuerza.org\/wp-content\/uploads\/2024\/04\/about_img-1024x729.jpg","datePublished":"2024-03-14T16:56:36+00:00","dateModified":"2024-05-16T14:27:21+00:00","breadcrumb":{"@id":"https:\/\/labregayfuerza.org\/es\/sobre\/#breadcrumb"},"inLanguage":"es-ES","potentialAction":[{"@type":"ReadAction","target":["https:\/\/labregayfuerza.org\/es\/sobre\/"]}]},{"@type":"ImageObject","inLanguage":"es-ES","@id":"https:\/\/labregayfuerza.org\/es\/sobre\/#primaryimage","url":"https:\/\/labregayfuerza.org\/wp-content\/uploads\/2024\/04\/about_img-1024x729.jpg","contentUrl":"https:\/\/labregayfuerza.org\/wp-content\/uploads\/2024\/04\/about_img-1024x729.jpg"},{"@type":"BreadcrumbList","@id":"https:\/\/labregayfuerza.org\/es\/sobre\/#breadcrumb","itemListElement":[{"@type":"ListItem","position":1,"name":"Home","item":"https:\/\/labregayfuerza.org\/es\/"},{"@type":"ListItem","position":2,"name":"Sobre"}]},{"@type":"WebSite","@id":"https:\/\/labregayfuerza.org\/es\/#website","url":"https:\/\/labregayfuerza.org\/es\/","name":"La Brega y Fuerza","description":"Reclamando poder dentro y fuera de Puerto Rico","potentialAction":[{"@type":"SearchAction","target":{"@type":"EntryPoint","urlTemplate":"https:\/\/labregayfuerza.org\/es\/?s={search_term_string}"},"query-input":{"@type":"PropertyValueSpecification","valueRequired":true,"valueName":"search_term_string"}}],"inLanguage":"es-ES"}]}},"_links":{"self":[{"href":"https:\/\/labregayfuerza.org\/es\/wp-json\/wp\/v2\/pages\/1455","targetHints":{"allow":["GET"]}}],"collection":[{"href":"https:\/\/labregayfuerza.org\/es\/wp-json\/wp\/v2\/pages"}],"about":[{"href":"https:\/\/labregayfuerza.org\/es\/wp-json\/wp\/v2\/types\/page"}],"author":[{"embeddable":true,"href":"https:\/\/labregayfuerza.org\/es\/wp-json\/wp\/v2\/users\/1"}],"replies":[{"embeddable":true,"href":"https:\/\/labregayfuerza.org\/es\/wp-json\/wp\/v2\/comments?post=1455"}],"version-history":[{"count":2,"href":"https:\/\/labregayfuerza.org\/es\/wp-json\/wp\/v2\/pages\/1455\/revisions"}],"predecessor-version":[{"id":1458,"href":"https:\/\/labregayfuerza.org\/es\/wp-json\/wp\/v2\/pages\/1455\/revisions\/1458"}],"wp:attachment":[{"href":"https:\/\/labregayfuerza.org\/es\/wp-json\/wp\/v2\/media?parent=1455"}],"curies":[{"name":"wp","href":"https:\/\/api.w.org\/{rel}","templated":true}]}}