{"id":1459,"date":"2024-05-07T20:03:22","date_gmt":"2024-05-07T20:03:22","guid":{"rendered":"https:\/\/labregayfuerza.org\/who-we-are\/"},"modified":"2024-05-16T14:32:41","modified_gmt":"2024-05-16T14:32:41","slug":"junta-del-fondo","status":"publish","type":"page","link":"https:\/\/labregayfuerza.org\/es\/junta-del-fondo\/","title":{"rendered":"La Junta del Fondo"},"content":{"rendered":"\n<div style=\"height:8px\" aria-hidden=\"true\" class=\"wp-block-spacer\"><\/div>\n\n\n\n<h3 class=\"wp-block-heading has-text-align-left\">Prisca Salazar-Rodriguez<\/h3>\n\n\n\n<p>Prisca Salazar-Rodr\u00edguez es socia en la firma Bolton-St. Johns y fundadora de Evolution Strategies, una firma enfocada en el empoderamiento latino. Prisca tiene casi 30 a\u00f1os de experiencia como l\u00edder en el gobierno y en representaci\u00f3n de compa\u00f1\u00edas y organizaciones a trav\u00e9s de la ciudad de Nueva York y a nivel nacional. Comenz\u00f3 su carrera en el gobierno y la pol\u00edtica en la oficina del Presidente del Barrio del Bronx, sirviendo como mano derecha de tres presidentes de barrio a lo largo de 22 a\u00f1os. Sus experiencias incluyen trabajar para la primera campa\u00f1a senatorial de Hillary Clinton y fungir como asesora senior de la Corporaci\u00f3n de Desarrollo Empire State de la Ciudad de Nueva York durante la administraci\u00f3n del alcalde Bill De Blasio. Prisca es nativa del Bronx.<\/p>\n\n\n\n<h3 class=\"wp-block-heading has-text-align-left\">Camille Rivera<\/h3>\n\n\n\n<p>Como socia de New Deal Strategies, Camille Rivera cuenta con profundos v\u00ednculos con el movimiento obrero y a\u00f1os de experiencia en temas y campa\u00f1as electorales en el estado de Nueva York y a trav\u00e9s de los Estados Unidos. Ha asesorado a candidatos electos y sindicales de alto nivel sobre los problemas nacionales y estatales m\u00e1s apremiantes de nuestros tiempos. Camille ha asegurado victorias para sus clientes en todo el pa\u00eds, desde Nevada y Arizona hasta su pueblo natal de Nueva York. Se ha desempe\u00f1ado como asesora principal de la senadora estadounidense Elizabeth Warren, el Partido de las Familias Trabajadoras, SEIU, Voto Latino, Move On y RWDSU. Ha gestionado campa\u00f1as de coaliciones de defensa a nivel estatal y nacional sobre el clima, salarios justos y derechos de los trabajadores. Las d\u00e9cadas de experiencia de Camille incluyen servir como comisionada adjunta en el Departamento de Servicios para Personas sin Hogar de la ciudad de Nueva York, directora de United NY y coordinadora de Fight for 15. Tambi\u00e9n es Profesora Adjunta en la Universidad de Columbia. Camille es puertorrique\u00f1a y originaria del Bronx, es madre y actualmente reside en Brooklyn.<\/p>\n\n\n\n<h3 class=\"wp-block-heading has-text-align-left\">Michael Kink<\/h3>\n\n\n\n<p>Michael Kink es el director ejecutivo de la Coalici\u00f3n Econom\u00eda Fuerte Para Todos, una coalici\u00f3n laboral-comunitaria centrada en la justicia econ\u00f3mica y la lucha contra la desigualdad de ingresos. Ha ayudado a liderar campa\u00f1as para ganar un \u00abImpuesto a los Millonarios\u00bb estatal, aumentar el salario m\u00ednimo estatal, reducir el impacto de las grandes cantidades de dinero en la pol\u00edtica y organizarse con trabajadores de comida r\u00e1pida y de bajos salarios en la \u00abLucha por $15\u00bb. Ha organizado y participado en decenas de protestas de desobediencia civil y acci\u00f3n directa con coaliciones contra el VIH\/SIDA, el movimiento Occupy y por personas con discapacidades, la lucha contra la pobreza y los derechos civiles. Estudi\u00f3 meditaci\u00f3n en Dai Bosatsu Zendo y ha trabajado para unir a comunidades religiosas, activistas y de \u00abatenci\u00f3n plena\u00bb para lograr metas de activismo pol\u00edtico y social. Es un abogado de inter\u00e9s p\u00fablico con t\u00edtulos de la Universidad de Brown y la Facultad de Derecho de la Universidad de Nueva York y ha trabajado en temas de justicia econ\u00f3mica, pobreza, VIH\/SIDA, falta de vivienda, discapacidad y asuntos infantiles en el estado de Nueva York y Washington, D.C.<\/p>\n\n\n\n<h3 class=\"wp-block-heading has-text-align-left\">Colin Rogero<\/h3>\n\n\n\n<p>Colin Rogero es cofundador y director creativo de Conexi\u00f3n, la agencia de medios m\u00e1s diversa en la pol\u00edtica Dem\u00f3crata. Rogero es considerado uno de los cineastas latinos y consultores de medios m\u00e1s creativos en la pol\u00edtica. Adem\u00e1s de sus relaciones dom\u00e9sticas, Colin ha trabajado extensamente en Europa, M\u00e9xico, Centroam\u00e9rica y Sudam\u00e9rica, asesorando sobre temas y campa\u00f1as latinas. Colin comenz\u00f3 su carrera en Los \u00c1ngeles, donde fue el principal creativo de m\u00faltiples campa\u00f1as publicitarias y cinematogr\u00e1ficas premiadas. Por su impacto, ha sido galardonado con m\u00e1s de 100 premios de innovaci\u00f3n y estrategias, incluyendo el de los 100 consultores pol\u00edticos m\u00e1s influyentes del mundo, la campa\u00f1a del a\u00f1o, el anuncio en espa\u00f1ol del a\u00f1o, los premios CLIO y Cannes, el premio al documental Independent Lens., y muchos m\u00e1s. Colin se cri\u00f3 en el sur de Florida y actualmente vive en Washington, D.C.<\/p>\n\n\n\n<h3 class=\"wp-block-heading has-text-align-left\">Rosemary Rivera<\/h3>\n\n\n\n<p>Rosemary es la directora ejecutiva de Acci\u00f3n Ciudadana de Nueva York y del Fondo de Educaci\u00f3n y Pol\u00edticas P\u00fablicas. Tambi\u00e9n se desempe\u00f1\u00f3 como presidenta estatal de la Alianza para una Educaci\u00f3n de Calidad y como miembro del comit\u00e9 estatal del Partido de las Familias Trabajadoras. Rosemary naci\u00f3 y se cri\u00f3 en la ciudad de Nueva York y pas\u00f3 muchos a\u00f1os en Rochester, sirviendo como Comisionada de la Autoridad de Vivienda de la ciudad. Es puertorrique\u00f1a y una veterana organizadora, defensora y pensadora de pol\u00edticas en el estado de Nueva York.<\/p>\n","protected":false},"excerpt":{"rendered":"<p>Prisca Salazar-Rodriguez Prisca Salazar-Rodr\u00edguez es socia en la firma Bolton-St. Johns y fundadora de Evolution Strategies, una firma enfocada en el empoderamiento latino. Prisca tiene casi 30 a\u00f1os de experiencia como l\u00edder en el gobierno y&nbsp;&hellip;<\/p>\n","protected":false},"author":1,"featured_media":0,"parent":0,"menu_order":0,"comment_status":"closed","ping_status":"closed","template":"","meta":{"_acf_changed":false,"footnotes":""},"class_list":["post-1459","page","type-page","status-publish","hentry"],"acf":[],"yoast_head":"<!-- This site is optimized with the Yoast SEO plugin v27.3 - https:\/\/yoast.com\/product\/yoast-seo-wordpress\/ -->\n<title>La Junta del Fondo | La Brega y Fuerza<\/title>\n<meta name=\"robots\" content=\"index, follow, max-snippet:-1, max-image-preview:large, max-video-preview:-1\" \/>\n<link rel=\"canonical\" href=\"https:\/\/labregayfuerza.org\/es\/junta-del-fondo\/\" \/>\n<meta property=\"og:locale\" content=\"es_ES\" \/>\n<meta property=\"og:type\" content=\"article\" \/>\n<meta property=\"og:title\" content=\"La Junta del Fondo | La Brega y Fuerza\" \/>\n<meta property=\"og:description\" content=\"Prisca Salazar-Rodriguez Prisca Salazar-Rodr\u00edguez es socia en la firma Bolton-St. Johns y fundadora de Evolution Strategies, una firma enfocada en el empoderamiento latino. Prisca tiene casi 30 a\u00f1os de experiencia como l\u00edder en el gobierno y&nbsp;&hellip;\" \/>\n<meta property=\"og:url\" content=\"https:\/\/labregayfuerza.org\/es\/junta-del-fondo\/\" \/>\n<meta property=\"og:site_name\" content=\"La Brega y Fuerza\" \/>\n<meta property=\"article:modified_time\" content=\"2024-05-16T14:32:41+00:00\" \/>\n<meta property=\"og:image\" content=\"https:\/\/labregayfuerza.org\/wp-content\/uploads\/2024\/05\/LaBrega-Website-Meta-Image-2.png\" \/>\n\t<meta property=\"og:image:width\" content=\"1200\" \/>\n\t<meta property=\"og:image:height\" content=\"630\" \/>\n\t<meta property=\"og:image:type\" content=\"image\/png\" \/>\n<meta name=\"twitter:card\" content=\"summary_large_image\" \/>\n<script type=\"application\/ld+json\" class=\"yoast-schema-graph\">{\"@context\":\"https:\\\/\\\/schema.org\",\"@graph\":[{\"@type\":\"WebPage\",\"@id\":\"https:\\\/\\\/labregayfuerza.org\\\/es\\\/junta-del-fondo\\\/\",\"url\":\"https:\\\/\\\/labregayfuerza.org\\\/es\\\/junta-del-fondo\\\/\",\"name\":\"La Junta del Fondo | La Brega y Fuerza\",\"isPartOf\":{\"@id\":\"https:\\\/\\\/labregayfuerza.org\\\/es\\\/#website\"},\"datePublished\":\"2024-05-07T20:03:22+00:00\",\"dateModified\":\"2024-05-16T14:32:41+00:00\",\"breadcrumb\":{\"@id\":\"https:\\\/\\\/labregayfuerza.org\\\/es\\\/junta-del-fondo\\\/#breadcrumb\"},\"inLanguage\":\"es-ES\",\"potentialAction\":[{\"@type\":\"ReadAction\",\"target\":[\"https:\\\/\\\/labregayfuerza.org\\\/es\\\/junta-del-fondo\\\/\"]}]},{\"@type\":\"BreadcrumbList\",\"@id\":\"https:\\\/\\\/labregayfuerza.org\\\/es\\\/junta-del-fondo\\\/#breadcrumb\",\"itemListElement\":[{\"@type\":\"ListItem\",\"position\":1,\"name\":\"Home\",\"item\":\"https:\\\/\\\/labregayfuerza.org\\\/es\\\/\"},{\"@type\":\"ListItem\",\"position\":2,\"name\":\"La Junta del Fondo\"}]},{\"@type\":\"WebSite\",\"@id\":\"https:\\\/\\\/labregayfuerza.org\\\/es\\\/#website\",\"url\":\"https:\\\/\\\/labregayfuerza.org\\\/es\\\/\",\"name\":\"La Brega y Fuerza\",\"description\":\"Reclamando poder dentro y fuera de Puerto Rico\",\"potentialAction\":[{\"@type\":\"SearchAction\",\"target\":{\"@type\":\"EntryPoint\",\"urlTemplate\":\"https:\\\/\\\/labregayfuerza.org\\\/es\\\/?s={search_term_string}\"},\"query-input\":{\"@type\":\"PropertyValueSpecification\",\"valueRequired\":true,\"valueName\":\"search_term_string\"}}],\"inLanguage\":\"es-ES\"}]}<\/script>\n<!-- \/ Yoast SEO plugin. -->","yoast_head_json":{"title":"La Junta del Fondo | La Brega y Fuerza","robots":{"index":"index","follow":"follow","max-snippet":"max-snippet:-1","max-image-preview":"max-image-preview:large","max-video-preview":"max-video-preview:-1"},"canonical":"https:\/\/labregayfuerza.org\/es\/junta-del-fondo\/","og_locale":"es_ES","og_type":"article","og_title":"La Junta del Fondo | La Brega y Fuerza","og_description":"Prisca Salazar-Rodriguez Prisca Salazar-Rodr\u00edguez es socia en la firma Bolton-St. Johns y fundadora de Evolution Strategies, una firma enfocada en el empoderamiento latino. Prisca tiene casi 30 a\u00f1os de experiencia como l\u00edder en el gobierno y&nbsp;&hellip;","og_url":"https:\/\/labregayfuerza.org\/es\/junta-del-fondo\/","og_site_name":"La Brega y Fuerza","article_modified_time":"2024-05-16T14:32:41+00:00","og_image":[{"width":1200,"height":630,"url":"https:\/\/labregayfuerza.org\/wp-content\/uploads\/2024\/05\/LaBrega-Website-Meta-Image-2.png","type":"image\/png"}],"twitter_card":"summary_large_image","schema":{"@context":"https:\/\/schema.org","@graph":[{"@type":"WebPage","@id":"https:\/\/labregayfuerza.org\/es\/junta-del-fondo\/","url":"https:\/\/labregayfuerza.org\/es\/junta-del-fondo\/","name":"La Junta del Fondo | La Brega y Fuerza","isPartOf":{"@id":"https:\/\/labregayfuerza.org\/es\/#website"},"datePublished":"2024-05-07T20:03:22+00:00","dateModified":"2024-05-16T14:32:41+00:00","breadcrumb":{"@id":"https:\/\/labregayfuerza.org\/es\/junta-del-fondo\/#breadcrumb"},"inLanguage":"es-ES","potentialAction":[{"@type":"ReadAction","target":["https:\/\/labregayfuerza.org\/es\/junta-del-fondo\/"]}]},{"@type":"BreadcrumbList","@id":"https:\/\/labregayfuerza.org\/es\/junta-del-fondo\/#breadcrumb","itemListElement":[{"@type":"ListItem","position":1,"name":"Home","item":"https:\/\/labregayfuerza.org\/es\/"},{"@type":"ListItem","position":2,"name":"La Junta del Fondo"}]},{"@type":"WebSite","@id":"https:\/\/labregayfuerza.org\/es\/#website","url":"https:\/\/labregayfuerza.org\/es\/","name":"La Brega y Fuerza","description":"Reclamando poder dentro y fuera de Puerto Rico","potentialAction":[{"@type":"SearchAction","target":{"@type":"EntryPoint","urlTemplate":"https:\/\/labregayfuerza.org\/es\/?s={search_term_string}"},"query-input":{"@type":"PropertyValueSpecification","valueRequired":true,"valueName":"search_term_string"}}],"inLanguage":"es-ES"}]}},"_links":{"self":[{"href":"https:\/\/labregayfuerza.org\/es\/wp-json\/wp\/v2\/pages\/1459","targetHints":{"allow":["GET"]}}],"collection":[{"href":"https:\/\/labregayfuerza.org\/es\/wp-json\/wp\/v2\/pages"}],"about":[{"href":"https:\/\/labregayfuerza.org\/es\/wp-json\/wp\/v2\/types\/page"}],"author":[{"embeddable":true,"href":"https:\/\/labregayfuerza.org\/es\/wp-json\/wp\/v2\/users\/1"}],"replies":[{"embeddable":true,"href":"https:\/\/labregayfuerza.org\/es\/wp-json\/wp\/v2\/comments?post=1459"}],"version-history":[{"count":3,"href":"https:\/\/labregayfuerza.org\/es\/wp-json\/wp\/v2\/pages\/1459\/revisions"}],"predecessor-version":[{"id":1465,"href":"https:\/\/labregayfuerza.org\/es\/wp-json\/wp\/v2\/pages\/1459\/revisions\/1465"}],"wp:attachment":[{"href":"https:\/\/labregayfuerza.org\/es\/wp-json\/wp\/v2\/media?parent=1459"}],"curies":[{"name":"wp","href":"https:\/\/api.w.org\/{rel}","templated":true}]}}