{"id":1466,"date":"2024-05-07T20:10:27","date_gmt":"2024-05-08T00:10:27","guid":{"rendered":"https:\/\/labregayfuerza.org\/programs\/"},"modified":"2024-07-11T09:07:49","modified_gmt":"2024-07-11T13:07:49","slug":"programas","status":"publish","type":"page","link":"https:\/\/labregayfuerza.org\/es\/programas\/","title":{"rendered":"Programas"},"content":{"rendered":"\n<p>El Fondo La Brega y Fuerza se enfocar\u00e1 en asuntos de importancia para puertorrique\u00f1es en el archipi\u00e9lago y en las comunidades existentes y crecientes en la di\u00e1spora. Para lograr esta meta, crearemos Centros que actuar\u00e1n como espacios centralizados para que nuestra comunidad comprometida se re\u00fanan e intercambien ideas en los estados que se han identificado como clave. Estos centros estar\u00e1n enfocados en conectar los esfuerzos con las islas, particularmente en cuanto a temas como la salud p\u00fablica, las alternativas energ\u00e9ticas asequibles y sostenibles, la justicia econ\u00f3mica, y la infraestructura educativa.<\/p>\n\n\n\n<h2 class=\"wp-block-heading\" id=\"orgullo\"><strong>El Orgullo de las Islas<\/strong><\/h2>\n\n\n<div class=\"wp-block-image\">\n<figure class=\"alignleft size-medium\"><img loading=\"lazy\" decoding=\"async\" width=\"300\" height=\"147\" src=\"https:\/\/labregayfuerza.org\/wp-content\/uploads\/2024\/04\/Layer_1-2-300x147.png\" alt=\"\" class=\"wp-image-1356\" srcset=\"https:\/\/labregayfuerza.org\/wp-content\/uploads\/2024\/04\/Layer_1-2-300x147.png 300w, https:\/\/labregayfuerza.org\/wp-content\/uploads\/2024\/04\/Layer_1-2.png 476w\" sizes=\"auto, (max-width: 300px) 100vw, 300px\" \/><\/figure>\n<\/div>\n\n\n<p>Todes les puertorrique\u00f1es entienden el significado de la palabra \u00aborgullo\u00bb . Orgullo, legado, tierra e historia son las cosas que impulsan nuestras islas. Este es el trabajo de conectar miembros de la di\u00e1spora por medio del desarrollo de los Centros que servir\u00e1n como instalaciones donde se desarrollaran estrategias de alcance comunitario para involucrar a puertorrique\u00f1es en los procesos de campa\u00f1as de abogac\u00eda y compromiso civil. Los Centros emplear\u00e1n estrategias de organizaci\u00f3n relacional hacia familias y amigos para conectar la comunidad puertorrique\u00f1a a trav\u00e9s de todo el pa\u00eds, d\u00e1ndoles la capacitaci\u00f3n para crear conciencia sobre los problemas cr\u00edticos que afectan a las islas. Este programa tendr\u00e1 como objetivo capacitar a organizadores y proporcionar microsubvenciones a organizaciones relevantes, construyendo nuestros Centros en todo Estados Unidos.<\/p>\n\n\n\n<h2 class=\"wp-block-heading\" id=\"despierta\">Despierta NY<\/h2>\n\n\n<div class=\"wp-block-image\">\n<figure class=\"alignright size-medium is-resized\"><img loading=\"lazy\" decoding=\"async\" width=\"300\" height=\"279\" src=\"https:\/\/labregayfuerza.org\/wp-content\/uploads\/2024\/04\/Group-196-2-300x279.png\" alt=\"\" class=\"wp-image-1358\" style=\"width:250px\" srcset=\"https:\/\/labregayfuerza.org\/wp-content\/uploads\/2024\/04\/Group-196-2-300x279.png 300w, https:\/\/labregayfuerza.org\/wp-content\/uploads\/2024\/04\/Group-196-2.png 424w\" sizes=\"auto, (max-width: 300px) 100vw, 300px\" \/><\/figure>\n<\/div>\n\n\n<p>Desde los a\u00f1os 1930, Nueva York ha sido el epicentro de los Puertorrique\u00f1os que se reasentaron en los Estados Unidos. Lo que le otorga una distinci\u00f3n \u00fanica por tener una de las poblaciones m\u00e1s grandes fuera de la isla. Cultivar la di\u00e1spora en Nueva York es esencial para nuestro trabajo en todo Estados Unidos. Centr\u00e1ndonos en los puertorrique\u00f1os reci\u00e9n asentados, muchos de los cuales son j\u00f3venes con familias, organizaremos reuniones mensuales de cafecito. Alli, trazaremos la estrategia de organizaci\u00f3n relacional y crearemos una red optimizada que conecte a los \u201ccentros&#8221; de un estado para poner a la di\u00e1spora en acci\u00f3n en temas clave que impactan a la isla.<\/p>\n\n\n\n<h2 class=\"wp-block-heading\" id=\"brega\">La Brega<\/h2>\n\n\n<div class=\"wp-block-image\">\n<figure class=\"alignleft size-medium\"><img loading=\"lazy\" decoding=\"async\" width=\"300\" height=\"102\" src=\"https:\/\/labregayfuerza.org\/wp-content\/uploads\/2024\/04\/Layer_11-2-300x102.png\" alt=\"\" class=\"wp-image-1360\" srcset=\"https:\/\/labregayfuerza.org\/wp-content\/uploads\/2024\/04\/Layer_11-2-300x102.png 300w, https:\/\/labregayfuerza.org\/wp-content\/uploads\/2024\/04\/Layer_11-2.png 525w\" sizes=\"auto, (max-width: 300px) 100vw, 300px\" \/><\/figure>\n<\/div>\n\n\n<p>Este proyecto se enfoca en cultivar una base activista para abogar a favor de asuntos de importancia al mismo tiempo que busca involucrar a l\u00edderes y organizaciones existentes para expandir los esfuerzos a trav\u00e9s de las islas. Adem\u00e1s, se llevar\u00e1 a cabo trabajo en comunidades para desarrollar plataformas de abogac\u00eda junto a residentes para crear campa\u00f1as en y fuera de Puerto Rico que aborden las desigualdades institucionales en temas como la atenci\u00f3n m\u00e9dica, la educaci\u00f3n, y la justicia econ\u00f3mica. Esto es, en esencia, el conducto hacia el proyecto de Orgullo. Por \u00faltimo, estaremos ofreciendo microsubvenciones a organizaciones locales ya enfocadas en estos esfuerzos.<\/p>\n\n\n\n<h2 class=\"wp-block-heading\"><strong>La Brega y El Fondo Raquel<\/strong><\/h2>\n\n\n\n<p>El Fondo Raquel se enfocar\u00e1 en recopilar y compartir historias de nuestros mayores a trav\u00e9s del archipi\u00e9lago Este fondo, nombrado en honor a la abuela de la fundadora, Raquel, es para construir un legado para los residentes ancianos de Puerto Rico quienes han luchado para permanecer ante la amenaza del desplazamiento y la falta de servicios esenciales. Este fondo va a apoyar a grupos que abogan por los derechos fundamentales al cuidado de las personas mayores.<\/p>\n","protected":false},"excerpt":{"rendered":"<p>El Fondo La Brega y Fuerza se enfocar\u00e1 en asuntos de importancia para puertorrique\u00f1es en el archipi\u00e9lago y en las comunidades existentes y crecientes en la di\u00e1spora. Para lograr esta meta, crearemos Centros que actuar\u00e1n como&nbsp;&hellip;<\/p>\n","protected":false},"author":1,"featured_media":0,"parent":0,"menu_order":0,"comment_status":"closed","ping_status":"closed","template":"","meta":{"_acf_changed":false,"footnotes":""},"class_list":["post-1466","page","type-page","status-publish","hentry"],"acf":[],"yoast_head":"<!-- This site is optimized with the Yoast SEO plugin v27.3 - https:\/\/yoast.com\/product\/yoast-seo-wordpress\/ -->\n<title>Programas | La Brega y Fuerza<\/title>\n<meta name=\"robots\" content=\"index, follow, max-snippet:-1, max-image-preview:large, max-video-preview:-1\" \/>\n<link rel=\"canonical\" href=\"https:\/\/labregayfuerza.org\/es\/programas\/\" \/>\n<meta property=\"og:locale\" content=\"es_ES\" \/>\n<meta property=\"og:type\" content=\"article\" \/>\n<meta property=\"og:title\" content=\"Programas | La Brega y Fuerza\" \/>\n<meta property=\"og:description\" content=\"El Fondo La Brega y Fuerza se enfocar\u00e1 en asuntos de importancia para puertorrique\u00f1es en el archipi\u00e9lago y en las comunidades existentes y crecientes en la di\u00e1spora. Para lograr esta meta, crearemos Centros que actuar\u00e1n como&nbsp;&hellip;\" \/>\n<meta property=\"og:url\" content=\"https:\/\/labregayfuerza.org\/es\/programas\/\" \/>\n<meta property=\"og:site_name\" content=\"La Brega y Fuerza\" \/>\n<meta property=\"article:modified_time\" content=\"2024-07-11T13:07:49+00:00\" \/>\n<meta property=\"og:image\" content=\"https:\/\/labregayfuerza.org\/wp-content\/uploads\/2024\/04\/Layer_1-2-300x147.png\" \/>\n<meta name=\"twitter:card\" content=\"summary_large_image\" \/>\n<script type=\"application\/ld+json\" class=\"yoast-schema-graph\">{\"@context\":\"https:\\\/\\\/schema.org\",\"@graph\":[{\"@type\":\"WebPage\",\"@id\":\"https:\\\/\\\/labregayfuerza.org\\\/es\\\/programas\\\/\",\"url\":\"https:\\\/\\\/labregayfuerza.org\\\/es\\\/programas\\\/\",\"name\":\"Programas | La Brega y Fuerza\",\"isPartOf\":{\"@id\":\"https:\\\/\\\/labregayfuerza.org\\\/es\\\/#website\"},\"primaryImageOfPage\":{\"@id\":\"https:\\\/\\\/labregayfuerza.org\\\/es\\\/programas\\\/#primaryimage\"},\"image\":{\"@id\":\"https:\\\/\\\/labregayfuerza.org\\\/es\\\/programas\\\/#primaryimage\"},\"thumbnailUrl\":\"https:\\\/\\\/labregayfuerza.org\\\/wp-content\\\/uploads\\\/2024\\\/04\\\/Layer_1-2-300x147.png\",\"datePublished\":\"2024-05-08T00:10:27+00:00\",\"dateModified\":\"2024-07-11T13:07:49+00:00\",\"breadcrumb\":{\"@id\":\"https:\\\/\\\/labregayfuerza.org\\\/es\\\/programas\\\/#breadcrumb\"},\"inLanguage\":\"es-ES\",\"potentialAction\":[{\"@type\":\"ReadAction\",\"target\":[\"https:\\\/\\\/labregayfuerza.org\\\/es\\\/programas\\\/\"]}]},{\"@type\":\"ImageObject\",\"inLanguage\":\"es-ES\",\"@id\":\"https:\\\/\\\/labregayfuerza.org\\\/es\\\/programas\\\/#primaryimage\",\"url\":\"https:\\\/\\\/labregayfuerza.org\\\/wp-content\\\/uploads\\\/2024\\\/04\\\/Layer_1-2-300x147.png\",\"contentUrl\":\"https:\\\/\\\/labregayfuerza.org\\\/wp-content\\\/uploads\\\/2024\\\/04\\\/Layer_1-2-300x147.png\"},{\"@type\":\"BreadcrumbList\",\"@id\":\"https:\\\/\\\/labregayfuerza.org\\\/es\\\/programas\\\/#breadcrumb\",\"itemListElement\":[{\"@type\":\"ListItem\",\"position\":1,\"name\":\"Home\",\"item\":\"https:\\\/\\\/labregayfuerza.org\\\/es\\\/\"},{\"@type\":\"ListItem\",\"position\":2,\"name\":\"Programas\"}]},{\"@type\":\"WebSite\",\"@id\":\"https:\\\/\\\/labregayfuerza.org\\\/es\\\/#website\",\"url\":\"https:\\\/\\\/labregayfuerza.org\\\/es\\\/\",\"name\":\"La Brega y Fuerza\",\"description\":\"Reclamando poder dentro y fuera de Puerto Rico\",\"potentialAction\":[{\"@type\":\"SearchAction\",\"target\":{\"@type\":\"EntryPoint\",\"urlTemplate\":\"https:\\\/\\\/labregayfuerza.org\\\/es\\\/?s={search_term_string}\"},\"query-input\":{\"@type\":\"PropertyValueSpecification\",\"valueRequired\":true,\"valueName\":\"search_term_string\"}}],\"inLanguage\":\"es-ES\"}]}<\/script>\n<!-- \/ Yoast SEO plugin. -->","yoast_head_json":{"title":"Programas | La Brega y Fuerza","robots":{"index":"index","follow":"follow","max-snippet":"max-snippet:-1","max-image-preview":"max-image-preview:large","max-video-preview":"max-video-preview:-1"},"canonical":"https:\/\/labregayfuerza.org\/es\/programas\/","og_locale":"es_ES","og_type":"article","og_title":"Programas | La Brega y Fuerza","og_description":"El Fondo La Brega y Fuerza se enfocar\u00e1 en asuntos de importancia para puertorrique\u00f1es en el archipi\u00e9lago y en las comunidades existentes y crecientes en la di\u00e1spora. Para lograr esta meta, crearemos Centros que actuar\u00e1n como&nbsp;&hellip;","og_url":"https:\/\/labregayfuerza.org\/es\/programas\/","og_site_name":"La Brega y Fuerza","article_modified_time":"2024-07-11T13:07:49+00:00","og_image":[{"url":"https:\/\/labregayfuerza.org\/wp-content\/uploads\/2024\/04\/Layer_1-2-300x147.png","type":"","width":"","height":""}],"twitter_card":"summary_large_image","schema":{"@context":"https:\/\/schema.org","@graph":[{"@type":"WebPage","@id":"https:\/\/labregayfuerza.org\/es\/programas\/","url":"https:\/\/labregayfuerza.org\/es\/programas\/","name":"Programas | La Brega y Fuerza","isPartOf":{"@id":"https:\/\/labregayfuerza.org\/es\/#website"},"primaryImageOfPage":{"@id":"https:\/\/labregayfuerza.org\/es\/programas\/#primaryimage"},"image":{"@id":"https:\/\/labregayfuerza.org\/es\/programas\/#primaryimage"},"thumbnailUrl":"https:\/\/labregayfuerza.org\/wp-content\/uploads\/2024\/04\/Layer_1-2-300x147.png","datePublished":"2024-05-08T00:10:27+00:00","dateModified":"2024-07-11T13:07:49+00:00","breadcrumb":{"@id":"https:\/\/labregayfuerza.org\/es\/programas\/#breadcrumb"},"inLanguage":"es-ES","potentialAction":[{"@type":"ReadAction","target":["https:\/\/labregayfuerza.org\/es\/programas\/"]}]},{"@type":"ImageObject","inLanguage":"es-ES","@id":"https:\/\/labregayfuerza.org\/es\/programas\/#primaryimage","url":"https:\/\/labregayfuerza.org\/wp-content\/uploads\/2024\/04\/Layer_1-2-300x147.png","contentUrl":"https:\/\/labregayfuerza.org\/wp-content\/uploads\/2024\/04\/Layer_1-2-300x147.png"},{"@type":"BreadcrumbList","@id":"https:\/\/labregayfuerza.org\/es\/programas\/#breadcrumb","itemListElement":[{"@type":"ListItem","position":1,"name":"Home","item":"https:\/\/labregayfuerza.org\/es\/"},{"@type":"ListItem","position":2,"name":"Programas"}]},{"@type":"WebSite","@id":"https:\/\/labregayfuerza.org\/es\/#website","url":"https:\/\/labregayfuerza.org\/es\/","name":"La Brega y Fuerza","description":"Reclamando poder dentro y fuera de Puerto Rico","potentialAction":[{"@type":"SearchAction","target":{"@type":"EntryPoint","urlTemplate":"https:\/\/labregayfuerza.org\/es\/?s={search_term_string}"},"query-input":{"@type":"PropertyValueSpecification","valueRequired":true,"valueName":"search_term_string"}}],"inLanguage":"es-ES"}]}},"_links":{"self":[{"href":"https:\/\/labregayfuerza.org\/es\/wp-json\/wp\/v2\/pages\/1466","targetHints":{"allow":["GET"]}}],"collection":[{"href":"https:\/\/labregayfuerza.org\/es\/wp-json\/wp\/v2\/pages"}],"about":[{"href":"https:\/\/labregayfuerza.org\/es\/wp-json\/wp\/v2\/types\/page"}],"author":[{"embeddable":true,"href":"https:\/\/labregayfuerza.org\/es\/wp-json\/wp\/v2\/users\/1"}],"replies":[{"embeddable":true,"href":"https:\/\/labregayfuerza.org\/es\/wp-json\/wp\/v2\/comments?post=1466"}],"version-history":[{"count":2,"href":"https:\/\/labregayfuerza.org\/es\/wp-json\/wp\/v2\/pages\/1466\/revisions"}],"predecessor-version":[{"id":1571,"href":"https:\/\/labregayfuerza.org\/es\/wp-json\/wp\/v2\/pages\/1466\/revisions\/1571"}],"wp:attachment":[{"href":"https:\/\/labregayfuerza.org\/es\/wp-json\/wp\/v2\/media?parent=1466"}],"curies":[{"name":"wp","href":"https:\/\/api.w.org\/{rel}","templated":true}]}}