{"id":1522,"date":"2024-05-30T16:52:31","date_gmt":"2024-05-30T16:52:31","guid":{"rendered":"https:\/\/labregayfuerza.org\/?page_id=1522"},"modified":"2024-06-07T15:03:52","modified_gmt":"2024-06-07T15:03:52","slug":"encuestas-e-investigaciones","status":"publish","type":"page","link":"https:\/\/labregayfuerza.org\/es\/encuestas-e-investigaciones\/","title":{"rendered":"Encuestas e Investigaciones"},"content":{"rendered":"\n<p>La Brega y Fuerza se asoci\u00f3 con IZQ Strategies, una firma de servicios de datos e investigaci\u00f3n con experiencia en encuestas en Puerto Rico, para realizar la primera encuesta de su tipo hacia la comunidad puertorrique\u00f1a en la di\u00e1spora y en las islas. Del 25 al 30 de marzo de 2024, IZQ Strategies y La Brega Y Fuerza sondearon a posibles votantes registrados en Puerto Rico y a posibles votantes puertorrique\u00f1os registrados en los EE. UU. para averiguar qu\u00e9 temas eran m\u00e1s importantes para estos grupos y comparar las dos poblaciones. Los resultados de la encuesta demostraron una fuerte alineaci\u00f3n en muchos temas socioecon\u00f3micos que afectan a Puerto Rico.<\/p>\n\n\n\n<p><strong>Hallazgos clave<\/strong><\/p>\n\n\n\n<ul class=\"wp-block-list\">\n<li>Les votantes puertorrique\u00f1es apoyan las pol\u00edticas progresistas. Ambos grupos apoyan un salario m\u00ednimo de 15 d\u00f3lares la hora, Medicare Para Todos (sistema de salud universal) y subirle la carga fiscal a los millonarios a una tasa similar a la de Estados Unidos para ayudar a pagar la deuda restante de Puerto Rico, entre otros asuntos.<\/li>\n<\/ul>\n\n\n\n<ul class=\"wp-block-list\">\n<li>Creciente apoyo a derecho al aborto entre votantes puertorrique\u00f1es.&nbsp; Mientras que les votantes en la diaspora muestran mayores niveles de apoyo al derecho al aborto que les votantes en Puerto Rico, el apoyo al libre acceso al aborto ha crecido en Puerto Rico cuando se compara con sondeos previos<\/li>\n<\/ul>\n\n\n\n<ul class=\"wp-block-list\">\n<li>Les votantes puertorrique\u00f1es apoyan un alto al fuego permanente en la Franja de Gaza. El 66% de les votantes de la di\u00e1spora y el 66% de les votantes en Puerto Rico apoyan un alto al fuego permanente y una reducci\u00f3n de la violencia en Gaza.<\/li>\n<\/ul>\n\n\n\n<figure class=\"wp-block-image alignwide size-large\"><img loading=\"lazy\" decoding=\"async\" width=\"1024\" height=\"375\" src=\"https:\/\/labregayfuerza.org\/wp-content\/uploads\/2024\/06\/acceso-1024x375.png\" alt=\"\" class=\"wp-image-1531\" srcset=\"https:\/\/labregayfuerza.org\/wp-content\/uploads\/2024\/06\/acceso-300x110.png 300w, https:\/\/labregayfuerza.org\/wp-content\/uploads\/2024\/06\/acceso-600x220.png 600w, https:\/\/labregayfuerza.org\/wp-content\/uploads\/2024\/06\/acceso-768x281.png 768w, https:\/\/labregayfuerza.org\/wp-content\/uploads\/2024\/06\/acceso-1024x375.png 1024w, https:\/\/labregayfuerza.org\/wp-content\/uploads\/2024\/06\/acceso.png 1221w\" sizes=\"auto, (max-width: 1024px) 100vw, 1024px\" \/><\/figure>\n\n\n\n<figure class=\"wp-block-image alignwide size-large\"><img loading=\"lazy\" decoding=\"async\" width=\"1024\" height=\"365\" src=\"https:\/\/labregayfuerza.org\/wp-content\/uploads\/2024\/06\/acceso_publico-1024x365.png\" alt=\"\" class=\"wp-image-1528\" srcset=\"https:\/\/labregayfuerza.org\/wp-content\/uploads\/2024\/06\/acceso_publico-300x107.png 300w, https:\/\/labregayfuerza.org\/wp-content\/uploads\/2024\/06\/acceso_publico-600x214.png 600w, https:\/\/labregayfuerza.org\/wp-content\/uploads\/2024\/06\/acceso_publico-768x274.png 768w, https:\/\/labregayfuerza.org\/wp-content\/uploads\/2024\/06\/acceso_publico-1024x365.png 1024w, https:\/\/labregayfuerza.org\/wp-content\/uploads\/2024\/06\/acceso_publico.png 1228w\" sizes=\"auto, (max-width: 1024px) 100vw, 1024px\" \/><\/figure>\n\n\n\n<div data-wp-interactive=\"core\/file\" class=\"wp-block-file\"><object data-wp-bind--hidden=\"!state.hasPdfPreview\" hidden class=\"wp-block-file__embed\" data=\"https:\/\/labregayfuerza.org\/wp-content\/uploads\/2024\/05\/IZQ-ByF-Survey-Report-C3-202405.pdf\" type=\"application\/pdf\" style=\"width:100%;height:600px\" aria-label=\"Embed of Lea los resultados del memorando de la encuesta.\"><\/object><a id=\"wp-block-file--media-83c08e09-6c05-40b8-9d82-36a7427b2042\" href=\"https:\/\/labregayfuerza.org\/wp-content\/uploads\/2024\/05\/IZQ-ByF-Survey-Report-C3-202405.pdf\">Lea los resultados del memorando de la encuesta<\/a><a href=\"https:\/\/labregayfuerza.org\/wp-content\/uploads\/2024\/05\/IZQ-ByF-Survey-Report-C3-202405.pdf\" class=\"wp-block-file__button wp-element-button\" download aria-describedby=\"wp-block-file--media-83c08e09-6c05-40b8-9d82-36a7427b2042\">Descargar<\/a><\/div>\n","protected":false},"excerpt":{"rendered":"<p>La Brega y Fuerza se asoci\u00f3 con IZQ Strategies, una firma de servicios de datos e investigaci\u00f3n con experiencia en encuestas en Puerto Rico, para realizar la primera encuesta de su tipo hacia la comunidad puertorrique\u00f1a&nbsp;&hellip;<\/p>\n","protected":false},"author":1,"featured_media":0,"parent":0,"menu_order":0,"comment_status":"closed","ping_status":"closed","template":"","meta":{"_acf_changed":false,"footnotes":""},"class_list":["post-1522","page","type-page","status-publish","hentry"],"acf":[],"yoast_head":"<!-- This site is optimized with the Yoast SEO plugin v27.4 - https:\/\/yoast.com\/product\/yoast-seo-wordpress\/ -->\n<title>Encuestas e Investigaciones | La Brega y Fuerza<\/title>\n<meta name=\"robots\" content=\"index, follow, max-snippet:-1, max-image-preview:large, max-video-preview:-1\" \/>\n<link rel=\"canonical\" href=\"https:\/\/labregayfuerza.org\/es\/encuestas-e-investigaciones\/\" \/>\n<meta property=\"og:locale\" content=\"es_ES\" \/>\n<meta property=\"og:type\" content=\"article\" \/>\n<meta property=\"og:title\" content=\"Encuestas e Investigaciones | La Brega y Fuerza\" \/>\n<meta property=\"og:description\" content=\"La Brega y Fuerza se asoci\u00f3 con IZQ Strategies, una firma de servicios de datos e investigaci\u00f3n con experiencia en encuestas en Puerto Rico, para realizar la primera encuesta de su tipo hacia la comunidad puertorrique\u00f1a&nbsp;&hellip;\" \/>\n<meta property=\"og:url\" content=\"https:\/\/labregayfuerza.org\/es\/encuestas-e-investigaciones\/\" \/>\n<meta property=\"og:site_name\" content=\"La Brega y Fuerza\" \/>\n<meta property=\"article:modified_time\" content=\"2024-06-07T15:03:52+00:00\" \/>\n<meta property=\"og:image\" content=\"https:\/\/labregayfuerza.org\/wp-content\/uploads\/2024\/06\/acceso-1024x375.png\" \/>\n<meta name=\"twitter:card\" content=\"summary_large_image\" \/>\n<script type=\"application\/ld+json\" class=\"yoast-schema-graph\">{\"@context\":\"https:\\\/\\\/schema.org\",\"@graph\":[{\"@type\":\"WebPage\",\"@id\":\"https:\\\/\\\/labregayfuerza.org\\\/es\\\/encuestas-e-investigaciones\\\/\",\"url\":\"https:\\\/\\\/labregayfuerza.org\\\/es\\\/encuestas-e-investigaciones\\\/\",\"name\":\"Encuestas e Investigaciones | La Brega y Fuerza\",\"isPartOf\":{\"@id\":\"https:\\\/\\\/labregayfuerza.org\\\/es\\\/#website\"},\"primaryImageOfPage\":{\"@id\":\"https:\\\/\\\/labregayfuerza.org\\\/es\\\/encuestas-e-investigaciones\\\/#primaryimage\"},\"image\":{\"@id\":\"https:\\\/\\\/labregayfuerza.org\\\/es\\\/encuestas-e-investigaciones\\\/#primaryimage\"},\"thumbnailUrl\":\"https:\\\/\\\/labregayfuerza.org\\\/wp-content\\\/uploads\\\/2024\\\/06\\\/acceso-1024x375.png\",\"datePublished\":\"2024-05-30T16:52:31+00:00\",\"dateModified\":\"2024-06-07T15:03:52+00:00\",\"breadcrumb\":{\"@id\":\"https:\\\/\\\/labregayfuerza.org\\\/es\\\/encuestas-e-investigaciones\\\/#breadcrumb\"},\"inLanguage\":\"es-ES\",\"potentialAction\":[{\"@type\":\"ReadAction\",\"target\":[\"https:\\\/\\\/labregayfuerza.org\\\/es\\\/encuestas-e-investigaciones\\\/\"]}]},{\"@type\":\"ImageObject\",\"inLanguage\":\"es-ES\",\"@id\":\"https:\\\/\\\/labregayfuerza.org\\\/es\\\/encuestas-e-investigaciones\\\/#primaryimage\",\"url\":\"https:\\\/\\\/labregayfuerza.org\\\/wp-content\\\/uploads\\\/2024\\\/06\\\/acceso-1024x375.png\",\"contentUrl\":\"https:\\\/\\\/labregayfuerza.org\\\/wp-content\\\/uploads\\\/2024\\\/06\\\/acceso-1024x375.png\"},{\"@type\":\"BreadcrumbList\",\"@id\":\"https:\\\/\\\/labregayfuerza.org\\\/es\\\/encuestas-e-investigaciones\\\/#breadcrumb\",\"itemListElement\":[{\"@type\":\"ListItem\",\"position\":1,\"name\":\"Home\",\"item\":\"https:\\\/\\\/labregayfuerza.org\\\/es\\\/\"},{\"@type\":\"ListItem\",\"position\":2,\"name\":\"Encuestas e Investigaciones\"}]},{\"@type\":\"WebSite\",\"@id\":\"https:\\\/\\\/labregayfuerza.org\\\/es\\\/#website\",\"url\":\"https:\\\/\\\/labregayfuerza.org\\\/es\\\/\",\"name\":\"La Brega y Fuerza\",\"description\":\"Reclamando poder dentro y fuera de Puerto Rico\",\"potentialAction\":[{\"@type\":\"SearchAction\",\"target\":{\"@type\":\"EntryPoint\",\"urlTemplate\":\"https:\\\/\\\/labregayfuerza.org\\\/es\\\/?s={search_term_string}\"},\"query-input\":{\"@type\":\"PropertyValueSpecification\",\"valueRequired\":true,\"valueName\":\"search_term_string\"}}],\"inLanguage\":\"es-ES\"}]}<\/script>\n<!-- \/ Yoast SEO plugin. -->","yoast_head_json":{"title":"Encuestas e Investigaciones | La Brega y Fuerza","robots":{"index":"index","follow":"follow","max-snippet":"max-snippet:-1","max-image-preview":"max-image-preview:large","max-video-preview":"max-video-preview:-1"},"canonical":"https:\/\/labregayfuerza.org\/es\/encuestas-e-investigaciones\/","og_locale":"es_ES","og_type":"article","og_title":"Encuestas e Investigaciones | La Brega y Fuerza","og_description":"La Brega y Fuerza se asoci\u00f3 con IZQ Strategies, una firma de servicios de datos e investigaci\u00f3n con experiencia en encuestas en Puerto Rico, para realizar la primera encuesta de su tipo hacia la comunidad puertorrique\u00f1a&nbsp;&hellip;","og_url":"https:\/\/labregayfuerza.org\/es\/encuestas-e-investigaciones\/","og_site_name":"La Brega y Fuerza","article_modified_time":"2024-06-07T15:03:52+00:00","og_image":[{"url":"https:\/\/labregayfuerza.org\/wp-content\/uploads\/2024\/06\/acceso-1024x375.png","type":"","width":"","height":""}],"twitter_card":"summary_large_image","schema":{"@context":"https:\/\/schema.org","@graph":[{"@type":"WebPage","@id":"https:\/\/labregayfuerza.org\/es\/encuestas-e-investigaciones\/","url":"https:\/\/labregayfuerza.org\/es\/encuestas-e-investigaciones\/","name":"Encuestas e Investigaciones | La Brega y Fuerza","isPartOf":{"@id":"https:\/\/labregayfuerza.org\/es\/#website"},"primaryImageOfPage":{"@id":"https:\/\/labregayfuerza.org\/es\/encuestas-e-investigaciones\/#primaryimage"},"image":{"@id":"https:\/\/labregayfuerza.org\/es\/encuestas-e-investigaciones\/#primaryimage"},"thumbnailUrl":"https:\/\/labregayfuerza.org\/wp-content\/uploads\/2024\/06\/acceso-1024x375.png","datePublished":"2024-05-30T16:52:31+00:00","dateModified":"2024-06-07T15:03:52+00:00","breadcrumb":{"@id":"https:\/\/labregayfuerza.org\/es\/encuestas-e-investigaciones\/#breadcrumb"},"inLanguage":"es-ES","potentialAction":[{"@type":"ReadAction","target":["https:\/\/labregayfuerza.org\/es\/encuestas-e-investigaciones\/"]}]},{"@type":"ImageObject","inLanguage":"es-ES","@id":"https:\/\/labregayfuerza.org\/es\/encuestas-e-investigaciones\/#primaryimage","url":"https:\/\/labregayfuerza.org\/wp-content\/uploads\/2024\/06\/acceso-1024x375.png","contentUrl":"https:\/\/labregayfuerza.org\/wp-content\/uploads\/2024\/06\/acceso-1024x375.png"},{"@type":"BreadcrumbList","@id":"https:\/\/labregayfuerza.org\/es\/encuestas-e-investigaciones\/#breadcrumb","itemListElement":[{"@type":"ListItem","position":1,"name":"Home","item":"https:\/\/labregayfuerza.org\/es\/"},{"@type":"ListItem","position":2,"name":"Encuestas e Investigaciones"}]},{"@type":"WebSite","@id":"https:\/\/labregayfuerza.org\/es\/#website","url":"https:\/\/labregayfuerza.org\/es\/","name":"La Brega y Fuerza","description":"Reclamando poder dentro y fuera de Puerto Rico","potentialAction":[{"@type":"SearchAction","target":{"@type":"EntryPoint","urlTemplate":"https:\/\/labregayfuerza.org\/es\/?s={search_term_string}"},"query-input":{"@type":"PropertyValueSpecification","valueRequired":true,"valueName":"search_term_string"}}],"inLanguage":"es-ES"}]}},"_links":{"self":[{"href":"https:\/\/labregayfuerza.org\/es\/wp-json\/wp\/v2\/pages\/1522","targetHints":{"allow":["GET"]}}],"collection":[{"href":"https:\/\/labregayfuerza.org\/es\/wp-json\/wp\/v2\/pages"}],"about":[{"href":"https:\/\/labregayfuerza.org\/es\/wp-json\/wp\/v2\/types\/page"}],"author":[{"embeddable":true,"href":"https:\/\/labregayfuerza.org\/es\/wp-json\/wp\/v2\/users\/1"}],"replies":[{"embeddable":true,"href":"https:\/\/labregayfuerza.org\/es\/wp-json\/wp\/v2\/comments?post=1522"}],"version-history":[{"count":4,"href":"https:\/\/labregayfuerza.org\/es\/wp-json\/wp\/v2\/pages\/1522\/revisions"}],"predecessor-version":[{"id":1534,"href":"https:\/\/labregayfuerza.org\/es\/wp-json\/wp\/v2\/pages\/1522\/revisions\/1534"}],"wp:attachment":[{"href":"https:\/\/labregayfuerza.org\/es\/wp-json\/wp\/v2\/media?parent=1522"}],"curies":[{"name":"wp","href":"https:\/\/api.w.org\/{rel}","templated":true}]}}